{"id":60,"date":"2018-05-23T13:09:10","date_gmt":"2018-05-23T11:09:10","guid":{"rendered":"http:\/\/gerhardstange.de\/?page_id=60"},"modified":"2018-05-23T13:09:28","modified_gmt":"2018-05-23T11:09:28","slug":"impressum","status":"publish","type":"page","link":"https:\/\/gerhardstange.de\/?page_id=60","title":{"rendered":"Impressum"},"content":{"rendered":"<p>Haftungsausschluss<\/p>\n<p>Haftung f\u00fcr Inhalte<br \/>\nTrotz der mit gr\u00f6\u00dfter Sorgfalt erstellten Inhalte, k\u00f6nnen wir f\u00fcr die Richtigkeit, Vollst\u00e4ndigkeit und Aktualit\u00e4t der Inhalte jedoch keine Gew\u00e4hr \u00fcbernehmen. Als Anbieter sind wir gem\u00e4\u00df \u00a7 7 Abs.1 TMG f\u00fcr eigene Inhalte auf diesen Seiten nach den lautenden Gesetzgebung verantwortlich. Nach \u00a7\u00a7 8 bis 10 TMG sind wir als Anbieter jedoch nicht verpflichtet, \u00fcbermittelte oder gespeicherte fremde Informationen zu \u00fcberwachen oder nach Umst\u00e4nden zu forschen, die auf eine rechtswidrige T\u00e4tigkeit hinweisen. Unber\u00fchrt bleibt Verpflichtung zur Entfernung oder Sperrung der Nutzung von Informationen nach den allgemeinen Gesetzen. Die Haftung tritt erst mit Bekanntwerden der Rechtsverletzung ein. Bei Bekanntwerden von Rechtsverletzungen werden entsprechende Inhalte umgehend entfernt.<\/p>\n<p>Haftung f\u00fcr Links<br \/>\nIm Rahmen des Dienstangebots treten Links zu Drittanbietern auf. F\u00fcr diese Inhalte \u00fcbernehmen wir keine Haftung und kein Gew\u00e4hr. Die Verantwortung f\u00fcr diese Inhalte liegt beim Anbieter und Betreiber der entsprechenden Seite. Zum Zeitpunkt der Verlinkung ist die entsprechende Seite \u00fcberpr\u00fcft worden. Zum Zeitpunkt der Verlinkung lagen keine Rechtswidrige Inhalte erkennbar vor.Eine permanente inhaltliche Kontrolle der verlinkten Seiten ist jedoch ohne konkrete Anhaltspunkte einer Rechtsverletzung nicht zumutbar. Kommt es zu Rechtsverletzungen werden wir umgehend entsprechende Inhalte entfernen.<\/p>\n<p>Urheberrecht<br \/>\nDie durch die Seitenbetreiber erstellten Inhalte und Werke auf diesen Seiten unterliegen dem deutschen Urheberrecht. Die Vervielf\u00e4ltigung, Bearbeitung, Verbreitung und jede Art der Verwertung au\u00dferhalb der Grenzen des Urheberrechtes bed\u00fcrfen der schriftlichen Zustimmung des jeweiligen Autors bzw. Erstellenden. Downloads und Kopien dieser Seite sind ausdr\u00fccklich vom kommerziellen Gebrauch ausgeschlossen. Soweit die Inhalte auf dieser Seite nicht vom Betreiber erstellt wurden, werden die Urheberrechte Dritter beachtet.<br \/>\nInhalte Dritter werden entsprechend gekennzeichnet. Wir bitte bei Bemerken von Urheberrechtsverletzungen uns umgehend darauf hinzuweisen. Entsprechende Inhalte werden bei Rechtsverletzungen umgehend entfernt.<\/p>\n","protected":false},"excerpt":{"rendered":"<p>Haftungsausschluss Haftung f\u00fcr Inhalte Trotz der mit gr\u00f6\u00dfter Sorgfalt erstellten Inhalte, k\u00f6nnen wir f\u00fcr die Richtigkeit, Vollst\u00e4ndigkeit und Aktualit\u00e4t der Inhalte jedoch keine Gew\u00e4hr \u00fcbernehmen. Als Anbieter sind wir gem\u00e4\u00df \u00a7 7 Abs.1 TMG f\u00fcr eigene Inhalte auf diesen Seiten nach den lautenden Gesetzgebung verantwortlich. Nach \u00a7\u00a7 8 bis 10 TMG sind wir als Anbieter [&hellip;]<\/p>\n","protected":false},"author":1,"featured_media":0,"parent":0,"menu_order":0,"comment_status":"closed","ping_status":"closed","template":"","meta":[],"_links":{"self":[{"href":"https:\/\/gerhardstange.de\/index.php?rest_route=\/wp\/v2\/pages\/60"}],"collection":[{"href":"https:\/\/gerhardstange.de\/index.php?rest_route=\/wp\/v2\/pages"}],"about":[{"href":"https:\/\/gerhardstange.de\/index.php?rest_route=\/wp\/v2\/types\/page"}],"author":[{"embeddable":true,"href":"https:\/\/gerhardstange.de\/index.php?rest_route=\/wp\/v2\/users\/1"}],"replies":[{"embeddable":true,"href":"https:\/\/gerhardstange.de\/index.php?rest_route=%2Fwp%2Fv2%2Fcomments&post=60"}],"version-history":[{"count":2,"href":"https:\/\/gerhardstange.de\/index.php?rest_route=\/wp\/v2\/pages\/60\/revisions"}],"predecessor-version":[{"id":62,"href":"https:\/\/gerhardstange.de\/index.php?rest_route=\/wp\/v2\/pages\/60\/revisions\/62"}],"wp:attachment":[{"href":"https:\/\/gerhardstange.de\/index.php?rest_route=%2Fwp%2Fv2%2Fmedia&parent=60"}],"curies":[{"name":"wp","href":"https:\/\/api.w.org\/{rel}","templated":true}]}}